{"id":1824,"date":"2025-09-05T14:06:27","date_gmt":"2025-09-05T12:06:27","guid":{"rendered":"https:\/\/orgueil82.jvillain.fr\/?page_id=1824"},"modified":"2025-09-05T22:59:10","modified_gmt":"2025-09-05T20:59:10","slug":"carte-de-cassini-orgueil-82","status":"publish","type":"page","link":"https:\/\/orgueil82.jvillain.fr\/?page_id=1824","title":{"rendered":"Cartes de Cassini"},"content":{"rendered":"\n<p>La Carte de France dite \u00ab Carte de Cassini \u00bb doit son nom \u00e0 une lign\u00e9e d\u2019astronomes et de g\u00e9ographes d\u2019origine italienne qui s\u2019installent en France dans le dernier tiers du XVIIe si\u00e8cle. Lanc\u00e9e sous les auspices de l\u2019Acad\u00e9mie des Sciences en 1747, elle r\u00e9sulte du travail opini\u00e2tre d\u2019une succession de savants et d\u2019ing\u00e9nieurs qui, pendant un si\u00e8cle et demi, vont s\u2019employer \u00e0 mettre au point de nouvelles m\u00e9thodes de lev\u00e9s tel que le demande un pays aussi vaste que la France.<\/p>\n\n\n\n<p>Bien entendu on trouve la commune d&rsquo;Orgueil sur la carte de Cassini, on peut y retrouver bon nombre des lieux-dits qui aujourd&rsquo;hui nous servent encore pour d\u00e9signer les divers endroits de la commune. Ci dessous trois fichiers PDF contenant une impression de la Carte de Cassini de la commune d&rsquo;Orgueil:<\/p>\n\n\n\n<p class=\"has-text-align-center\"><a href=\"https:\/\/orgueil82.jvillain.fr\/wp-content\/uploads\/Cassini\/cassini1.pdf\">Cassini1<\/a> <a href=\"https:\/\/orgueil82.jvillain.fr\/wp-content\/uploads\/Cassini\/cassini2.pdf\">Cassini2<\/a> <a href=\"https:\/\/orgueil82.jvillain.fr\/wp-content\/uploads\/Cassini\/cassini3.pdf\">Cassini3<\/a><\/p>\n\n\n\n<p>Si vous d\u00e9sirez en apprendre plus sur la carte de Cassini visitez le site consacr\u00e9 \u00e0 cette carte : <a href=\"http:\/\/cassini.ehess.fr\/fr\/html\/7_cassini.htm\" target=\"_blank\" rel=\"noreferrer noopener\">http:\/\/cassini.ehess.fr\/fr\/html\/7_cassini.htm<\/a> <\/p>\n\n\n\n<p>Si vous voulez visualiser un lieu sur une carte de Cassini utilisez <a href=\"https:\/\/www.geoportail.gouv.fr\/\" target=\"_blank\" rel=\"noreferrer noopener\">G\u00e9oportail<\/a>, l&rsquo;Institut G\u00e9ographique National permet de visualiser les cartes de Cassini ainsi que les cartes actuelles ou d&rsquo;autres cartes anciennes notamment la carte d&rsquo;\u00e9tat-major ann\u00e9es 1820-1866<\/p>\n","protected":false},"excerpt":{"rendered":"<p>La Carte de France dite \u00ab Carte de Cassini \u00bb doit son nom \u00e0 une lign\u00e9e d\u2019astronomes et de g\u00e9ographes d\u2019origine italienne qui s\u2019installent en France dans le dernier tiers du XVIIe si\u00e8cle. Lanc\u00e9e sous les auspices de l\u2019Acad\u00e9mie des Sciences en 1747, elle r\u00e9sulte du travail opini\u00e2tre d\u2019une succession de savants et d\u2019ing\u00e9nieurs qui, &#8230; <a title=\"Cartes de Cassini\" class=\"read-more\" href=\"https:\/\/orgueil82.jvillain.fr\/?page_id=1824\" aria-label=\"En savoir plus sur Cartes de Cassini\">Lire la suite<\/a><\/p>\n","protected":false},"author":1,"featured_media":0,"parent":707,"menu_order":85,"comment_status":"closed","ping_status":"closed","template":"","meta":{"_eb_attr":"","pgc_sgb_lightbox_settings":"","footnotes":""},"class_list":["post-1824","page","type-page","status-publish"],"yoast_head":"<!-- This site is optimized with the Yoast SEO plugin v27.5 - https:\/\/yoast.com\/product\/yoast-seo-wordpress\/ -->\n<title>Cartes de Cassini - Histoire et historique du village d&#039;Orgueil<\/title>\n<meta name=\"robots\" content=\"index, follow, max-snippet:-1, max-image-preview:large, max-video-preview:-1\" \/>\n<link rel=\"canonical\" href=\"https:\/\/orgueil82.jvillain.fr\/?page_id=1824\" \/>\n<meta property=\"og:locale\" content=\"fr_FR\" \/>\n<meta property=\"og:type\" content=\"article\" \/>\n<meta property=\"og:title\" content=\"Cartes de Cassini - Histoire et historique du village d&#039;Orgueil\" \/>\n<meta property=\"og:description\" content=\"La Carte de France dite \u00ab Carte de Cassini \u00bb doit son nom \u00e0 une lign\u00e9e d\u2019astronomes et de g\u00e9ographes d\u2019origine italienne qui s\u2019installent en France dans le dernier tiers du XVIIe si\u00e8cle. Lanc\u00e9e sous les auspices de l\u2019Acad\u00e9mie des Sciences en 1747, elle r\u00e9sulte du travail opini\u00e2tre d\u2019une succession de savants et d\u2019ing\u00e9nieurs qui, ... Lire la suite\" \/>\n<meta property=\"og:url\" content=\"https:\/\/orgueil82.jvillain.fr\/?page_id=1824\" \/>\n<meta property=\"og:site_name\" content=\"Histoire et historique du village d&#039;Orgueil\" \/>\n<meta property=\"article:modified_time\" content=\"2025-09-05T20:59:10+00:00\" \/>\n<meta name=\"twitter:card\" content=\"summary_large_image\" \/>\n<meta name=\"twitter:label1\" content=\"Dur\u00e9e de lecture estim\u00e9e\" \/>\n\t<meta name=\"twitter:data1\" content=\"1 minute\" \/>\n<script type=\"application\/ld+json\" class=\"yoast-schema-graph\">{\"@context\":\"https:\\\/\\\/schema.org\",\"@graph\":[{\"@type\":\"WebPage\",\"@id\":\"https:\\\/\\\/orgueil82.jvillain.fr\\\/?page_id=1824\",\"url\":\"https:\\\/\\\/orgueil82.jvillain.fr\\\/?page_id=1824\",\"name\":\"Cartes de Cassini - Histoire et historique du village d&#039;Orgueil\",\"isPartOf\":{\"@id\":\"https:\\\/\\\/orgueil82.jvillain.fr\\\/#website\"},\"datePublished\":\"2025-09-05T12:06:27+00:00\",\"dateModified\":\"2025-09-05T20:59:10+00:00\",\"breadcrumb\":{\"@id\":\"https:\\\/\\\/orgueil82.jvillain.fr\\\/?page_id=1824#breadcrumb\"},\"inLanguage\":\"fr-FR\",\"potentialAction\":[{\"@type\":\"ReadAction\",\"target\":[\"https:\\\/\\\/orgueil82.jvillain.fr\\\/?page_id=1824\"]}]},{\"@type\":\"BreadcrumbList\",\"@id\":\"https:\\\/\\\/orgueil82.jvillain.fr\\\/?page_id=1824#breadcrumb\",\"itemListElement\":[{\"@type\":\"ListItem\",\"position\":1,\"name\":\"Home\",\"item\":\"https:\\\/\\\/orgueil82.jvillain.fr\\\/\"},{\"@type\":\"ListItem\",\"position\":2,\"name\":\"Histoire et Historique du village d&rsquo;Orgueil\",\"item\":\"https:\\\/\\\/orgueil82.jvillain.fr\\\/\"},{\"@type\":\"ListItem\",\"position\":3,\"name\":\"Cartes de Cassini\"}]},{\"@type\":\"WebSite\",\"@id\":\"https:\\\/\\\/orgueil82.jvillain.fr\\\/#website\",\"url\":\"https:\\\/\\\/orgueil82.jvillain.fr\\\/\",\"name\":\"Histoire et historique du village d'Orgueil\",\"description\":\"Vivre \u00e0 Orgueil - Tarn-et-Garonne\",\"publisher\":{\"@id\":\"https:\\\/\\\/orgueil82.jvillain.fr\\\/#organization\"},\"potentialAction\":[{\"@type\":\"SearchAction\",\"target\":{\"@type\":\"EntryPoint\",\"urlTemplate\":\"https:\\\/\\\/orgueil82.jvillain.fr\\\/?s={search_term_string}\"},\"query-input\":{\"@type\":\"PropertyValueSpecification\",\"valueRequired\":true,\"valueName\":\"search_term_string\"}}],\"inLanguage\":\"fr-FR\"},{\"@type\":\"Organization\",\"@id\":\"https:\\\/\\\/orgueil82.jvillain.fr\\\/#organization\",\"name\":\"Histoire et historique du village d'Orgueil\",\"url\":\"https:\\\/\\\/orgueil82.jvillain.fr\\\/\",\"logo\":{\"@type\":\"ImageObject\",\"inLanguage\":\"fr-FR\",\"@id\":\"https:\\\/\\\/orgueil82.jvillain.fr\\\/#\\\/schema\\\/logo\\\/image\\\/\",\"url\":\"https:\\\/\\\/orgueil82.jvillain.fr\\\/wp-content\\\/uploads\\\/Orgueil\\\/orgueil3.gif\",\"contentUrl\":\"https:\\\/\\\/orgueil82.jvillain.fr\\\/wp-content\\\/uploads\\\/Orgueil\\\/orgueil3.gif\",\"width\":93,\"height\":62,\"caption\":\"Histoire et historique du village d'Orgueil\"},\"image\":{\"@id\":\"https:\\\/\\\/orgueil82.jvillain.fr\\\/#\\\/schema\\\/logo\\\/image\\\/\"}}]}<\/script>\n<!-- \/ Yoast SEO plugin. -->","yoast_head_json":{"title":"Cartes de Cassini - Histoire et historique du village d&#039;Orgueil","robots":{"index":"index","follow":"follow","max-snippet":"max-snippet:-1","max-image-preview":"max-image-preview:large","max-video-preview":"max-video-preview:-1"},"canonical":"https:\/\/orgueil82.jvillain.fr\/?page_id=1824","og_locale":"fr_FR","og_type":"article","og_title":"Cartes de Cassini - Histoire et historique du village d&#039;Orgueil","og_description":"La Carte de France dite \u00ab Carte de Cassini \u00bb doit son nom \u00e0 une lign\u00e9e d\u2019astronomes et de g\u00e9ographes d\u2019origine italienne qui s\u2019installent en France dans le dernier tiers du XVIIe si\u00e8cle. Lanc\u00e9e sous les auspices de l\u2019Acad\u00e9mie des Sciences en 1747, elle r\u00e9sulte du travail opini\u00e2tre d\u2019une succession de savants et d\u2019ing\u00e9nieurs qui, ... Lire la suite","og_url":"https:\/\/orgueil82.jvillain.fr\/?page_id=1824","og_site_name":"Histoire et historique du village d&#039;Orgueil","article_modified_time":"2025-09-05T20:59:10+00:00","twitter_card":"summary_large_image","twitter_misc":{"Dur\u00e9e de lecture estim\u00e9e":"1 minute"},"schema":{"@context":"https:\/\/schema.org","@graph":[{"@type":"WebPage","@id":"https:\/\/orgueil82.jvillain.fr\/?page_id=1824","url":"https:\/\/orgueil82.jvillain.fr\/?page_id=1824","name":"Cartes de Cassini - Histoire et historique du village d&#039;Orgueil","isPartOf":{"@id":"https:\/\/orgueil82.jvillain.fr\/#website"},"datePublished":"2025-09-05T12:06:27+00:00","dateModified":"2025-09-05T20:59:10+00:00","breadcrumb":{"@id":"https:\/\/orgueil82.jvillain.fr\/?page_id=1824#breadcrumb"},"inLanguage":"fr-FR","potentialAction":[{"@type":"ReadAction","target":["https:\/\/orgueil82.jvillain.fr\/?page_id=1824"]}]},{"@type":"BreadcrumbList","@id":"https:\/\/orgueil82.jvillain.fr\/?page_id=1824#breadcrumb","itemListElement":[{"@type":"ListItem","position":1,"name":"Home","item":"https:\/\/orgueil82.jvillain.fr\/"},{"@type":"ListItem","position":2,"name":"Histoire et Historique du village d&rsquo;Orgueil","item":"https:\/\/orgueil82.jvillain.fr\/"},{"@type":"ListItem","position":3,"name":"Cartes de Cassini"}]},{"@type":"WebSite","@id":"https:\/\/orgueil82.jvillain.fr\/#website","url":"https:\/\/orgueil82.jvillain.fr\/","name":"Histoire et historique du village d'Orgueil","description":"Vivre \u00e0 Orgueil - Tarn-et-Garonne","publisher":{"@id":"https:\/\/orgueil82.jvillain.fr\/#organization"},"potentialAction":[{"@type":"SearchAction","target":{"@type":"EntryPoint","urlTemplate":"https:\/\/orgueil82.jvillain.fr\/?s={search_term_string}"},"query-input":{"@type":"PropertyValueSpecification","valueRequired":true,"valueName":"search_term_string"}}],"inLanguage":"fr-FR"},{"@type":"Organization","@id":"https:\/\/orgueil82.jvillain.fr\/#organization","name":"Histoire et historique du village d'Orgueil","url":"https:\/\/orgueil82.jvillain.fr\/","logo":{"@type":"ImageObject","inLanguage":"fr-FR","@id":"https:\/\/orgueil82.jvillain.fr\/#\/schema\/logo\/image\/","url":"https:\/\/orgueil82.jvillain.fr\/wp-content\/uploads\/Orgueil\/orgueil3.gif","contentUrl":"https:\/\/orgueil82.jvillain.fr\/wp-content\/uploads\/Orgueil\/orgueil3.gif","width":93,"height":62,"caption":"Histoire et historique du village d'Orgueil"},"image":{"@id":"https:\/\/orgueil82.jvillain.fr\/#\/schema\/logo\/image\/"}}]}},"featured_image_src":null,"featured_image_src_square":null,"_links":{"self":[{"href":"https:\/\/orgueil82.jvillain.fr\/index.php?rest_route=\/wp\/v2\/pages\/1824","targetHints":{"allow":["GET"]}}],"collection":[{"href":"https:\/\/orgueil82.jvillain.fr\/index.php?rest_route=\/wp\/v2\/pages"}],"about":[{"href":"https:\/\/orgueil82.jvillain.fr\/index.php?rest_route=\/wp\/v2\/types\/page"}],"author":[{"embeddable":true,"href":"https:\/\/orgueil82.jvillain.fr\/index.php?rest_route=\/wp\/v2\/users\/1"}],"replies":[{"embeddable":true,"href":"https:\/\/orgueil82.jvillain.fr\/index.php?rest_route=%2Fwp%2Fv2%2Fcomments&post=1824"}],"version-history":[{"count":0,"href":"https:\/\/orgueil82.jvillain.fr\/index.php?rest_route=\/wp\/v2\/pages\/1824\/revisions"}],"up":[{"embeddable":true,"href":"https:\/\/orgueil82.jvillain.fr\/index.php?rest_route=\/wp\/v2\/pages\/707"}],"wp:attachment":[{"href":"https:\/\/orgueil82.jvillain.fr\/index.php?rest_route=%2Fwp%2Fv2%2Fmedia&parent=1824"}],"curies":[{"name":"wp","href":"https:\/\/api.w.org\/{rel}","templated":true}]}}