{"id":1844,"date":"2025-09-05T17:18:33","date_gmt":"2025-09-05T15:18:33","guid":{"rendered":"https:\/\/orgueil82.jvillain.fr\/?page_id=1844"},"modified":"2025-09-25T00:26:47","modified_gmt":"2025-09-24T22:26:47","slug":"amicale-orpheonique-dorgueil","status":"publish","type":"page","link":"https:\/\/orgueil82.jvillain.fr\/?page_id=1844","title":{"rendered":"Amicale Orph\u00e9onique d&rsquo;Orgueil"},"content":{"rendered":"\n<h2 id=\"souvenir-de-lamicale-orpheonique-orgueil-82\" class=\"wp-block-heading has-global-color-14-color has-text-color has-link-color wp-elements-709fdb3aec0d03c97b07d4d9f42c3f9b\" style=\"font-style:normal;font-weight:700\">Souvenir de l&rsquo;Amicale Orph\u00e9onique &#8211; Orgueil (82)<\/h2>\n\n\n\n<p>Au d\u00e9but du 20e si\u00e8cle les animations dans les villages \u00e9taient nombreuses, tout \u00e9tait pr\u00e9texte \u00e0 faire la f\u00eate. <strong>Et pour r\u00e9ussir une f\u00eate il faut des musiciens !<\/strong> La plupart des villages avaient donc : une \u00e9cole de musique, un professeur de musique, une fanfare, une harmonie, un groupe musical, un Orph\u00e9on ou une association organisant des f\u00eates et spectacles musicaux.<\/p>\n\n\n\n<p>L&rsquo;<strong>Amicale Orph\u00e9onique d&rsquo;Orgueil<\/strong> travaillait en lien avec l&rsquo;\u00e9cole publique et les anciens \u00e9l\u00e8ves de l&rsquo;\u00e9cole publique d&rsquo;Orgueil. Comme le montre les deux programmes ci-dessous, \u00ab\u00a0F\u00eate scolaire du 13 avril 1925\u00a0\u00bb et \u00ab\u00a0F\u00eate scolaire du 5 Avril 1926\u00a0\u00bb, cette amicale organisait des spectacles assez importants puisque pour le d\u00e9fil\u00e9 final de la f\u00eate du 13 avril 1925 il est annonc\u00e9 120 ex\u00e9cutants.<\/p>\n\n\n\n<figure class=\"wp-block-gallery has-nested-images columns-2 has-jaune-2-org-background-color has-background wp-block-gallery-1 is-layout-flex wp-block-gallery-is-layout-flex\">\n<figure class=\"wp-block-image size-full\"><a href=\"https:\/\/orgueil82.jvillain.fr\/wp-content\/uploads\/Orgueil\/Histoire\/fetsco129x\/fetsco1925a.jpg\"><img width=\"1550\" height=\"1080\" data-id=\"1842\"  alt=\"\" class=\"wp-image-1842 lws-optimize-lazyload\"\/ data-src=\"https:\/\/orgueil82.jvillain.fr\/wp-content\/uploads\/Orgueil\/Histoire\/fetsco129x\/fetsco1925a.jpg\" srcset=\"https:\/\/orgueil82.jvillain.fr\/wp-content\/uploads\/Orgueil\/Histoire\/fetsco129x\/fetsco1925a.jpg 1550w, https:\/\/orgueil82.jvillain.fr\/wp-content\/uploads\/Orgueil\/Histoire\/fetsco129x\/fetsco1925a-300x209.jpg 300w, https:\/\/orgueil82.jvillain.fr\/wp-content\/uploads\/Orgueil\/Histoire\/fetsco129x\/fetsco1925a-768x535.jpg 768w, https:\/\/orgueil82.jvillain.fr\/wp-content\/uploads\/Orgueil\/Histoire\/fetsco129x\/fetsco1925a-1536x1070.jpg 1536w\" sizes=\"(max-width: 1550px) 100vw, 1550px\" \/><\/a><\/figure>\n\n\n\n<figure class=\"wp-block-image size-thumbnail\"><a href=\"https:\/\/orgueil82.jvillain.fr\/wp-content\/uploads\/Orgueil\/Histoire\/fetsco129x\/fetsco1925b.jpg\"><img width=\"150\" height=\"150\" data-id=\"1840\"  alt=\"\" class=\"wp-image-1840 lws-optimize-lazyload\"\/ data-src=\"https:\/\/orgueil82.jvillain.fr\/wp-content\/uploads\/Orgueil\/Histoire\/fetsco129x\/fetsco1925b-150x150.jpg\" srcset=\"https:\/\/orgueil82.jvillain.fr\/wp-content\/uploads\/Orgueil\/Histoire\/fetsco129x\/fetsco1925b-150x150.jpg 150w, https:\/\/orgueil82.jvillain.fr\/wp-content\/uploads\/Orgueil\/Histoire\/fetsco129x\/fetsco1925b-600x600.jpg 600w\" sizes=\"(max-width: 150px) 100vw, 150px\" \/><\/a><figcaption class=\"wp-element-caption\">F\u00eate scolaire 13 avril 1925<\/figcaption><\/figure>\n\n\n\n<figure class=\"wp-block-image size-full\"><a href=\"https:\/\/orgueil82.jvillain.fr\/wp-content\/uploads\/Orgueil\/Histoire\/fetsco129x\/fetsco1926a.jpg\"><img width=\"760\" height=\"1286\" data-id=\"1841\"  alt=\"\" class=\"wp-image-1841 lws-optimize-lazyload\"\/ data-src=\"https:\/\/orgueil82.jvillain.fr\/wp-content\/uploads\/Orgueil\/Histoire\/fetsco129x\/fetsco1926a.jpg\" srcset=\"https:\/\/orgueil82.jvillain.fr\/wp-content\/uploads\/Orgueil\/Histoire\/fetsco129x\/fetsco1926a.jpg 760w, https:\/\/orgueil82.jvillain.fr\/wp-content\/uploads\/Orgueil\/Histoire\/fetsco129x\/fetsco1926a-177x300.jpg 177w\" sizes=\"(max-width: 760px) 100vw, 760px\" \/><\/a><figcaption class=\"wp-element-caption\">F\u00eate scolaire 05 avril 1926<\/figcaption><\/figure>\n\n\n\n<figure class=\"wp-block-image size-full\"><a href=\"https:\/\/orgueil82.jvillain.fr\/wp-content\/uploads\/Orgueil\/Histoire\/fetsco129x\/fetsco1926b.jpg\"><img width=\"1644\" height=\"1148\" data-id=\"1843\"  alt=\"\" class=\"wp-image-1843 lws-optimize-lazyload\"\/ data-src=\"https:\/\/orgueil82.jvillain.fr\/wp-content\/uploads\/Orgueil\/Histoire\/fetsco129x\/fetsco1926b.jpg\" srcset=\"https:\/\/orgueil82.jvillain.fr\/wp-content\/uploads\/Orgueil\/Histoire\/fetsco129x\/fetsco1926b.jpg 1644w, https:\/\/orgueil82.jvillain.fr\/wp-content\/uploads\/Orgueil\/Histoire\/fetsco129x\/fetsco1926b-300x209.jpg 300w, https:\/\/orgueil82.jvillain.fr\/wp-content\/uploads\/Orgueil\/Histoire\/fetsco129x\/fetsco1926b-768x536.jpg 768w, https:\/\/orgueil82.jvillain.fr\/wp-content\/uploads\/Orgueil\/Histoire\/fetsco129x\/fetsco1926b-1536x1073.jpg 1536w\" sizes=\"(max-width: 1644px) 100vw, 1644px\" \/><\/a><figcaption class=\"wp-element-caption\">F\u00eate scolaire 05 avril 1926<\/figcaption><\/figure>\n<\/figure>\n\n\n\n<p>L&rsquo;Amicale Orph\u00e9onique d&rsquo;Orgueil avait un chant, le&nbsp;<strong>\u00ab\u00a0CHANT de l&rsquo;AMICALE\u00a0\u00bb<\/strong>, chant\u00e9 par l&rsquo;Orph\u00e9on lors des f\u00eates et spectacles. Ce chant \u00e0 la gloire du village d&rsquo;Orgueil et \u00e0 son \u00e9cole, peut \u00eatre consid\u00e9r\u00e9 comme le chant du village. Il a \u00e9t\u00e9 \u00e9crit en octobre 1924, les paroles sont de Monsieur RIGAL et la musique de Monsieur L. PY.<\/p>\n\n\n\n<p class=\"has-text-align-center has-medium-font-size\"><strong>CHANT de l&rsquo;AMICALE<\/strong><\/p>\n\n\n\n<p class=\"has-text-align-center\"><em>Refrain (pour les 1er, 2e, 3e et 5e couplets)<\/em><\/p>\n\n\n\n<p class=\"has-text-align-center\"><strong>Cit\u00e9 d&rsquo;Orgueil, O Terre Bien aim\u00e9e,<\/strong><br><strong>Dont on ne sort que l&rsquo;\u00c2me en deuil,<\/strong><br><strong>de tes enfants toujours aim\u00e9e<\/strong><br><strong>Tu resteras la bien nomm\u00e9e<\/strong><br><strong>Orgueil ! Orgueil ! Toujours Orgueil !<\/strong><\/p>\n\n\n\n<div class=\"wp-block-columns are-vertically-aligned-top is-layout-flex wp-container-core-columns-is-layout-9d6595d7 wp-block-columns-is-layout-flex\">\n<div class=\"wp-block-column is-vertically-aligned-top is-layout-flow wp-block-column-is-layout-flow\">\n<p class=\"has-text-align-left has-small-font-size\"><em>1er Couplet<\/em><\/p>\n\n\n\n<p class=\"has-small-font-size\">Orgueil n&rsquo;a pas d&rsquo;imposantes montagnes;<br>Elle n&rsquo;a pas les flots de l&rsquo;Oc\u00e9an;<br>Mais le printemps tapisse ses campagnes,<br>le Tarn joyeux la berce souriant.<br>Les doux refrains de ses chants populaires<br>Vibrent dans l&rsquo;air \u00e0 toute heure du jour,<br>Nous r\u00e9p\u00e9tant qu&rsquo;on doit sur notre terre<br>Faire alterner le Travail et l&rsquo;Amour.<\/p>\n\n\n\n<p class=\"has-small-font-size\"><em>2e Couplet<\/em><\/p>\n\n\n\n<p class=\"has-small-font-size\">Pourquoi tes fils iraient courir le monde<br>Lorsque chez eux se r\u00e9v\u00e8le un tr\u00e9sor !<br>Quel parc fameux vaut votre moisson blonde !<br>Quel beau palais prime nos grappes d&rsquo;or !<br>Puis le joyau de nos vignes joyeuses,<br>Cherchez le donc \u00e0 travers l&rsquo;Univers.<br>Trouverez-vous plus belles vendangeuses<br>Sous la paillole au sein des pampres verts !<\/p>\n\n\n\n<p class=\"has-small-font-size\"><em>3e Couplet<\/em><\/p>\n\n\n\n<p class=\"has-small-font-size\">Des travailleurs toujours terre promise<br>Tous les espoirs, Orgueil, te sont permis !<br>L&rsquo;Ancient Couvent qui fonda son Eglise<br>Te consacra digne du Paradis.<br>Le Ciel souscrit \u00e0 ce choix m\u00e9ritoire<br>Et c&rsquo;est pourquoi sur ton divin terroir<br>Il fit pleuvoir, nous raconte l&rsquo;histoire,<br>Mille astres d&rsquo;or dans les brumes du soir.<\/p>\n<\/div>\n\n\n\n<div class=\"wp-block-column is-vertically-aligned-top is-layout-flow wp-block-column-is-layout-flow\">\n<p class=\"has-small-font-size\"><em>4e Couplet<\/em><\/p>\n\n\n\n<p class=\"has-small-font-size\">Par dessus tout, v\u00e9n\u00e9rons notre \u00e9cole,<br>Rappelons-nous ses premi\u00e8res le\u00e7ons,<br>La grande salle o\u00f9 constamment s&rsquo;envole<br>Le r\u00eave d&rsquo;or berc\u00e9 par des chansons.<br>Sur ses vieux bancs nous f\u00fbmes tous des fr\u00e8res,<br>L&rsquo;on s&rsquo;y sentait du malheur abrit\u00e9 ;<br>Jeunes et vieux, Jurons de c\u0153urs sinc\u00e8res<br>De conserver cette fraternit\u00e9.<\/p>\n\n\n\n<p class=\"has-small-font-size\"><strong><em>Refrain (Sp\u00e9cial au 4e Couplet)<\/em><\/strong><\/p>\n\n\n\n<p class=\"has-small-font-size\"><strong>Nous souvenant de cette heure pass\u00e9e,<br>Que l&rsquo;on regrette l&rsquo;\u00e2me en deuil,<br>Elevons tous notre pens\u00e9e,<br>Chantons l&rsquo;Ecole bien aim\u00e9e<br>Qui nous a fait ch\u00e9rir Orgueil !!<\/strong><br><br><br><br><\/p>\n\n\n\n<p class=\"has-small-font-size\"><em>5e Couplet<\/em><\/p>\n\n\n\n<p class=\"has-small-font-size\">Divin Orgueil, pour mieux chanter ta gloire<br>Notre Amicale entonne ses refrains.<br>Elle s&rsquo;applique \u00e0 remettre en m\u00e9moire<br>Les airs aim\u00e9s fredonn\u00e9s des Anciens.<br>Avec \u00ab\u00a0Honneur et Travail\u00a0\u00bb pour \u00e9gide,<br>De la beaut\u00e9 restant toujours \u00e9pris,<br>Enfants d&rsquo;Orgueil, que l&rsquo;Amiti\u00e9 nous guide,<br>Tout pour la France et notre beau pays !!.<\/p>\n<\/div>\n<\/div>\n","protected":false},"excerpt":{"rendered":"<p>Souvenir de l&rsquo;Amicale Orph\u00e9onique &#8211; Orgueil (82) Au d\u00e9but du 20e si\u00e8cle les animations dans les villages \u00e9taient nombreuses, tout \u00e9tait pr\u00e9texte \u00e0 faire la f\u00eate. Et pour r\u00e9ussir une f\u00eate il faut des musiciens ! La plupart des villages avaient donc : une \u00e9cole de musique, un professeur de musique, une fanfare, une harmonie, &#8230; <a title=\"Amicale Orph\u00e9onique d&rsquo;Orgueil\" class=\"read-more\" href=\"https:\/\/orgueil82.jvillain.fr\/?page_id=1844\" aria-label=\"En savoir plus sur Amicale Orph\u00e9onique d&rsquo;Orgueil\">Lire la suite<\/a><\/p>\n","protected":false},"author":1,"featured_media":0,"parent":707,"menu_order":80,"comment_status":"closed","ping_status":"closed","template":"","meta":{"_eb_attr":"","pgc_sgb_lightbox_settings":"","footnotes":""},"class_list":["post-1844","page","type-page","status-publish"],"yoast_head":"<!-- This site is optimized with the Yoast SEO plugin v27.5 - https:\/\/yoast.com\/product\/yoast-seo-wordpress\/ -->\n<title>Amicale Orph\u00e9onique d&#039;Orgueil - Histoire et historique du village d&#039;Orgueil<\/title>\n<meta name=\"robots\" content=\"index, follow, max-snippet:-1, max-image-preview:large, max-video-preview:-1\" \/>\n<link rel=\"canonical\" href=\"https:\/\/orgueil82.jvillain.fr\/?page_id=1844\" \/>\n<meta property=\"og:locale\" content=\"fr_FR\" \/>\n<meta property=\"og:type\" content=\"article\" \/>\n<meta property=\"og:title\" content=\"Amicale Orph\u00e9onique d&#039;Orgueil - Histoire et historique du village d&#039;Orgueil\" \/>\n<meta property=\"og:description\" content=\"Souvenir de l&rsquo;Amicale Orph\u00e9onique &#8211; Orgueil (82) Au d\u00e9but du 20e si\u00e8cle les animations dans les villages \u00e9taient nombreuses, tout \u00e9tait pr\u00e9texte \u00e0 faire la f\u00eate. Et pour r\u00e9ussir une f\u00eate il faut des musiciens ! La plupart des villages avaient donc : une \u00e9cole de musique, un professeur de musique, une fanfare, une harmonie, ... Lire la suite\" \/>\n<meta property=\"og:url\" content=\"https:\/\/orgueil82.jvillain.fr\/?page_id=1844\" \/>\n<meta property=\"og:site_name\" content=\"Histoire et historique du village d&#039;Orgueil\" \/>\n<meta property=\"article:modified_time\" content=\"2025-09-24T22:26:47+00:00\" \/>\n<meta property=\"og:image\" content=\"https:\/\/orgueil82.jvillain.fr\/wp-content\/uploads\/Orgueil\/Histoire\/fetsco129x\/fetsco1925a.jpg\" \/>\n\t<meta property=\"og:image:width\" content=\"1550\" \/>\n\t<meta property=\"og:image:height\" content=\"1080\" \/>\n\t<meta property=\"og:image:type\" content=\"image\/jpeg\" \/>\n<meta name=\"twitter:card\" content=\"summary_large_image\" \/>\n<meta name=\"twitter:label1\" content=\"Dur\u00e9e de lecture estim\u00e9e\" \/>\n\t<meta name=\"twitter:data1\" content=\"4 minutes\" \/>\n<script type=\"application\/ld+json\" class=\"yoast-schema-graph\">{\"@context\":\"https:\\\/\\\/schema.org\",\"@graph\":[{\"@type\":\"WebPage\",\"@id\":\"https:\\\/\\\/orgueil82.jvillain.fr\\\/?page_id=1844\",\"url\":\"https:\\\/\\\/orgueil82.jvillain.fr\\\/?page_id=1844\",\"name\":\"Amicale Orph\u00e9onique d'Orgueil - Histoire et historique du village d&#039;Orgueil\",\"isPartOf\":{\"@id\":\"https:\\\/\\\/orgueil82.jvillain.fr\\\/#website\"},\"primaryImageOfPage\":{\"@id\":\"https:\\\/\\\/orgueil82.jvillain.fr\\\/?page_id=1844#primaryimage\"},\"image\":{\"@id\":\"https:\\\/\\\/orgueil82.jvillain.fr\\\/?page_id=1844#primaryimage\"},\"thumbnailUrl\":\"https:\\\/\\\/orgueil82.jvillain.fr\\\/wp-content\\\/uploads\\\/Orgueil\\\/Histoire\\\/fetsco129x\\\/fetsco1925a.jpg\",\"datePublished\":\"2025-09-05T15:18:33+00:00\",\"dateModified\":\"2025-09-24T22:26:47+00:00\",\"breadcrumb\":{\"@id\":\"https:\\\/\\\/orgueil82.jvillain.fr\\\/?page_id=1844#breadcrumb\"},\"inLanguage\":\"fr-FR\",\"potentialAction\":[{\"@type\":\"ReadAction\",\"target\":[\"https:\\\/\\\/orgueil82.jvillain.fr\\\/?page_id=1844\"]}]},{\"@type\":\"ImageObject\",\"inLanguage\":\"fr-FR\",\"@id\":\"https:\\\/\\\/orgueil82.jvillain.fr\\\/?page_id=1844#primaryimage\",\"url\":\"https:\\\/\\\/orgueil82.jvillain.fr\\\/wp-content\\\/uploads\\\/Orgueil\\\/Histoire\\\/fetsco129x\\\/fetsco1925a.jpg\",\"contentUrl\":\"https:\\\/\\\/orgueil82.jvillain.fr\\\/wp-content\\\/uploads\\\/Orgueil\\\/Histoire\\\/fetsco129x\\\/fetsco1925a.jpg\"},{\"@type\":\"BreadcrumbList\",\"@id\":\"https:\\\/\\\/orgueil82.jvillain.fr\\\/?page_id=1844#breadcrumb\",\"itemListElement\":[{\"@type\":\"ListItem\",\"position\":1,\"name\":\"Home\",\"item\":\"https:\\\/\\\/orgueil82.jvillain.fr\\\/\"},{\"@type\":\"ListItem\",\"position\":2,\"name\":\"Histoire et Historique du village d&rsquo;Orgueil\",\"item\":\"https:\\\/\\\/orgueil82.jvillain.fr\\\/\"},{\"@type\":\"ListItem\",\"position\":3,\"name\":\"Amicale Orph\u00e9onique d&rsquo;Orgueil\"}]},{\"@type\":\"WebSite\",\"@id\":\"https:\\\/\\\/orgueil82.jvillain.fr\\\/#website\",\"url\":\"https:\\\/\\\/orgueil82.jvillain.fr\\\/\",\"name\":\"Histoire et historique du village d'Orgueil\",\"description\":\"Vivre \u00e0 Orgueil - Tarn-et-Garonne\",\"publisher\":{\"@id\":\"https:\\\/\\\/orgueil82.jvillain.fr\\\/#organization\"},\"potentialAction\":[{\"@type\":\"SearchAction\",\"target\":{\"@type\":\"EntryPoint\",\"urlTemplate\":\"https:\\\/\\\/orgueil82.jvillain.fr\\\/?s={search_term_string}\"},\"query-input\":{\"@type\":\"PropertyValueSpecification\",\"valueRequired\":true,\"valueName\":\"search_term_string\"}}],\"inLanguage\":\"fr-FR\"},{\"@type\":\"Organization\",\"@id\":\"https:\\\/\\\/orgueil82.jvillain.fr\\\/#organization\",\"name\":\"Histoire et historique du village d'Orgueil\",\"url\":\"https:\\\/\\\/orgueil82.jvillain.fr\\\/\",\"logo\":{\"@type\":\"ImageObject\",\"inLanguage\":\"fr-FR\",\"@id\":\"https:\\\/\\\/orgueil82.jvillain.fr\\\/#\\\/schema\\\/logo\\\/image\\\/\",\"url\":\"https:\\\/\\\/orgueil82.jvillain.fr\\\/wp-content\\\/uploads\\\/Orgueil\\\/orgueil3.gif\",\"contentUrl\":\"https:\\\/\\\/orgueil82.jvillain.fr\\\/wp-content\\\/uploads\\\/Orgueil\\\/orgueil3.gif\",\"width\":93,\"height\":62,\"caption\":\"Histoire et historique du village d'Orgueil\"},\"image\":{\"@id\":\"https:\\\/\\\/orgueil82.jvillain.fr\\\/#\\\/schema\\\/logo\\\/image\\\/\"}}]}<\/script>\n<!-- \/ Yoast SEO plugin. -->","yoast_head_json":{"title":"Amicale Orph\u00e9onique d'Orgueil - Histoire et historique du village d&#039;Orgueil","robots":{"index":"index","follow":"follow","max-snippet":"max-snippet:-1","max-image-preview":"max-image-preview:large","max-video-preview":"max-video-preview:-1"},"canonical":"https:\/\/orgueil82.jvillain.fr\/?page_id=1844","og_locale":"fr_FR","og_type":"article","og_title":"Amicale Orph\u00e9onique d'Orgueil - Histoire et historique du village d&#039;Orgueil","og_description":"Souvenir de l&rsquo;Amicale Orph\u00e9onique &#8211; Orgueil (82) Au d\u00e9but du 20e si\u00e8cle les animations dans les villages \u00e9taient nombreuses, tout \u00e9tait pr\u00e9texte \u00e0 faire la f\u00eate. Et pour r\u00e9ussir une f\u00eate il faut des musiciens ! La plupart des villages avaient donc : une \u00e9cole de musique, un professeur de musique, une fanfare, une harmonie, ... Lire la suite","og_url":"https:\/\/orgueil82.jvillain.fr\/?page_id=1844","og_site_name":"Histoire et historique du village d&#039;Orgueil","article_modified_time":"2025-09-24T22:26:47+00:00","og_image":[{"width":1550,"height":1080,"url":"https:\/\/orgueil82.jvillain.fr\/wp-content\/uploads\/Orgueil\/Histoire\/fetsco129x\/fetsco1925a.jpg","type":"image\/jpeg"}],"twitter_card":"summary_large_image","twitter_misc":{"Dur\u00e9e de lecture estim\u00e9e":"4 minutes"},"schema":{"@context":"https:\/\/schema.org","@graph":[{"@type":"WebPage","@id":"https:\/\/orgueil82.jvillain.fr\/?page_id=1844","url":"https:\/\/orgueil82.jvillain.fr\/?page_id=1844","name":"Amicale Orph\u00e9onique d'Orgueil - Histoire et historique du village d&#039;Orgueil","isPartOf":{"@id":"https:\/\/orgueil82.jvillain.fr\/#website"},"primaryImageOfPage":{"@id":"https:\/\/orgueil82.jvillain.fr\/?page_id=1844#primaryimage"},"image":{"@id":"https:\/\/orgueil82.jvillain.fr\/?page_id=1844#primaryimage"},"thumbnailUrl":"https:\/\/orgueil82.jvillain.fr\/wp-content\/uploads\/Orgueil\/Histoire\/fetsco129x\/fetsco1925a.jpg","datePublished":"2025-09-05T15:18:33+00:00","dateModified":"2025-09-24T22:26:47+00:00","breadcrumb":{"@id":"https:\/\/orgueil82.jvillain.fr\/?page_id=1844#breadcrumb"},"inLanguage":"fr-FR","potentialAction":[{"@type":"ReadAction","target":["https:\/\/orgueil82.jvillain.fr\/?page_id=1844"]}]},{"@type":"ImageObject","inLanguage":"fr-FR","@id":"https:\/\/orgueil82.jvillain.fr\/?page_id=1844#primaryimage","url":"https:\/\/orgueil82.jvillain.fr\/wp-content\/uploads\/Orgueil\/Histoire\/fetsco129x\/fetsco1925a.jpg","contentUrl":"https:\/\/orgueil82.jvillain.fr\/wp-content\/uploads\/Orgueil\/Histoire\/fetsco129x\/fetsco1925a.jpg"},{"@type":"BreadcrumbList","@id":"https:\/\/orgueil82.jvillain.fr\/?page_id=1844#breadcrumb","itemListElement":[{"@type":"ListItem","position":1,"name":"Home","item":"https:\/\/orgueil82.jvillain.fr\/"},{"@type":"ListItem","position":2,"name":"Histoire et Historique du village d&rsquo;Orgueil","item":"https:\/\/orgueil82.jvillain.fr\/"},{"@type":"ListItem","position":3,"name":"Amicale Orph\u00e9onique d&rsquo;Orgueil"}]},{"@type":"WebSite","@id":"https:\/\/orgueil82.jvillain.fr\/#website","url":"https:\/\/orgueil82.jvillain.fr\/","name":"Histoire et historique du village d'Orgueil","description":"Vivre \u00e0 Orgueil - Tarn-et-Garonne","publisher":{"@id":"https:\/\/orgueil82.jvillain.fr\/#organization"},"potentialAction":[{"@type":"SearchAction","target":{"@type":"EntryPoint","urlTemplate":"https:\/\/orgueil82.jvillain.fr\/?s={search_term_string}"},"query-input":{"@type":"PropertyValueSpecification","valueRequired":true,"valueName":"search_term_string"}}],"inLanguage":"fr-FR"},{"@type":"Organization","@id":"https:\/\/orgueil82.jvillain.fr\/#organization","name":"Histoire et historique du village d'Orgueil","url":"https:\/\/orgueil82.jvillain.fr\/","logo":{"@type":"ImageObject","inLanguage":"fr-FR","@id":"https:\/\/orgueil82.jvillain.fr\/#\/schema\/logo\/image\/","url":"https:\/\/orgueil82.jvillain.fr\/wp-content\/uploads\/Orgueil\/orgueil3.gif","contentUrl":"https:\/\/orgueil82.jvillain.fr\/wp-content\/uploads\/Orgueil\/orgueil3.gif","width":93,"height":62,"caption":"Histoire et historique du village d'Orgueil"},"image":{"@id":"https:\/\/orgueil82.jvillain.fr\/#\/schema\/logo\/image\/"}}]}},"featured_image_src":null,"featured_image_src_square":null,"_links":{"self":[{"href":"https:\/\/orgueil82.jvillain.fr\/index.php?rest_route=\/wp\/v2\/pages\/1844","targetHints":{"allow":["GET"]}}],"collection":[{"href":"https:\/\/orgueil82.jvillain.fr\/index.php?rest_route=\/wp\/v2\/pages"}],"about":[{"href":"https:\/\/orgueil82.jvillain.fr\/index.php?rest_route=\/wp\/v2\/types\/page"}],"author":[{"embeddable":true,"href":"https:\/\/orgueil82.jvillain.fr\/index.php?rest_route=\/wp\/v2\/users\/1"}],"replies":[{"embeddable":true,"href":"https:\/\/orgueil82.jvillain.fr\/index.php?rest_route=%2Fwp%2Fv2%2Fcomments&post=1844"}],"version-history":[{"count":0,"href":"https:\/\/orgueil82.jvillain.fr\/index.php?rest_route=\/wp\/v2\/pages\/1844\/revisions"}],"up":[{"embeddable":true,"href":"https:\/\/orgueil82.jvillain.fr\/index.php?rest_route=\/wp\/v2\/pages\/707"}],"wp:attachment":[{"href":"https:\/\/orgueil82.jvillain.fr\/index.php?rest_route=%2Fwp%2Fv2%2Fmedia&parent=1844"}],"curies":[{"name":"wp","href":"https:\/\/api.w.org\/{rel}","templated":true}]}}