{"id":1879,"date":"2025-09-05T22:56:56","date_gmt":"2025-09-05T20:56:56","guid":{"rendered":"https:\/\/orgueil82.jvillain.fr\/?page_id=1879"},"modified":"2025-09-06T00:16:34","modified_gmt":"2025-09-05T22:16:34","slug":"le-chateau-deau","status":"publish","type":"page","link":"https:\/\/orgueil82.jvillain.fr\/?page_id=1879","title":{"rendered":"Le Ch\u00e2teau d&rsquo;eau"},"content":{"rendered":"\n<p class=\"has-small-font-size\"><em>Cet article sur le ch\u00e2teau d&rsquo;eau est paru dans le bulletin municipal d&rsquo;information du village d&rsquo;Orgueil de l&rsquo;ann\u00e9e 2003. Le titre de l&rsquo;article \u00e9tait \u00ab\u00a0Dans les coulisses de notre Ch\u00e2teau d&rsquo;eau\u00a0\u00bb.<\/em><\/p>\n\n\n\n<h2 id=\"le-chateau-deau-du-village-dorgueil\" class=\"wp-block-heading has-text-align-center has-vertorg-color has-text-color has-link-color wp-elements-4e33e708f277ed45612a977346592cab\" style=\"font-style:normal;font-weight:800\"><strong>Le ch\u00e2teau d&rsquo;eau du village d&rsquo;ORGUEIL<\/strong><\/h2>\n\n\n\n<div class=\"wp-block-media-text is-stacked-on-mobile\" style=\"grid-template-columns:39% auto\"><figure class=\"wp-block-media-text__media\"><a href=\"https:\/\/orgueil82.jvillain.fr\/wp-content\/uploads\/Orgueil\/Histoire\/chateau-eau\/chateaueau0306a.jpg\"><img width=\"492\" height=\"655\"  alt=\"\" class=\"wp-image-1876 size-full lws-optimize-lazyload\"\/ data-src=\"https:\/\/orgueil82.jvillain.fr\/wp-content\/uploads\/Orgueil\/Histoire\/chateau-eau\/chateaueau0306a.jpg\" srcset=\"https:\/\/orgueil82.jvillain.fr\/wp-content\/uploads\/Orgueil\/Histoire\/chateau-eau\/chateaueau0306a.jpg 492w, https:\/\/orgueil82.jvillain.fr\/wp-content\/uploads\/Orgueil\/Histoire\/chateau-eau\/chateaueau0306a-225x300.jpg 225w\" sizes=\"(max-width: 492px) 100vw, 492px\" \/><\/a><\/figure><div class=\"wp-block-media-text__content\">\n<p>Les ch\u00e2teaux d&rsquo;eau font partie de notre paysage depuis une cinquantaine d&rsquo;ann\u00e9es. Gr\u00e2ce \u00e0 ces ouvrages, les ruraux et habitants de petites communes sont aliment\u00e9s en eau potable, dite \u00ab eau de ville \u00bb. L\u2019alimentation de ces ch\u00e2teaux est g\u00e9r\u00e9e par des syndicats, pour Orgueil il s\u2019agit du Syndicat d\u2019Adduction d\u2019Eau Potable de la r\u00e9gion de Grisolles.<\/p>\n\n\n\n<p style=\"text-decoration:underline\"><strong>Le temps d&rsquo;un arr\u00eat technique, visite de notre ch\u00e2teau d&rsquo;eau.<\/strong><\/p>\n\n\n\n<p>Chaque semaine, un agent de la Compagnie g\u00e9n\u00e9rale des eaux, en charge du syndicat de Grisolles, vient contr\u00f4ler les vannes, les compteurs et les installations. Trois tuyaux partent du ch\u00e2teau d&rsquo;eau vers Nohic, Labastide-Saint-Pierre et Orgueil. L&rsquo;acc\u00e8s \u00e0 un ch\u00e2teau d&rsquo;eau est interdit au public (et encore plus en p\u00e9riode de d\u00e9clenchement du plan Vigipirate).<br>Haut de 33 m\u00e8tres, le ch\u00e2teau d&rsquo;Orgueil a une capacit\u00e9 de 500 m3. Plus le b\u00e2timent est \u00e9lev\u00e9, plus la pression est importante dans les tuyaux. En effet, on compte un kilo de pression pour 10 m\u00e8tres de hauteur du ch\u00e2teau.<\/p>\n<\/div><\/div>\n\n\n\n<p>Le ch\u00e2teau d&rsquo;eau d&rsquo;Orgueil a \u00e9t\u00e9 b\u00e2ti en 1951, au d\u00e9but de la p\u00e9riode de construction de ces ouvrages dans le d\u00e9partement.<br>Avant, l&rsquo;eau potable n&rsquo;arrivait pas au robinet dans toutes les maisons. En milieu rural, les puits et les fontaines communales servaient \u00e0 alimenter la population.<\/p>\n\n\n\n<p>Ce ch\u00e2teau dessert les communes d&rsquo;Orgueil, Nohic et une partie de Labastide-Saint-Pierre, soit environ un bassin de population de 3.000 personnes.<br>La cuve fait 9 m\u00e8tres de diam\u00e8tre et 6 m\u00e8tres de profondeur. Un flotteur d\u00e9clenche l&rsquo;approvisionnement quand il atteint un certain seuil.<\/p>\n\n\n\n<p>La qualit\u00e9 de l&rsquo;eau est automatiquement contr\u00f4l\u00e9e au ch\u00e2teau d&rsquo;eau. Pour celui situ\u00e9 \u00e0 Orgueil, l&rsquo;eau est pomp\u00e9e dans la Garonne par le syndicat des eaux de Grisolles, le plus \u00e9tendu du d\u00e9partement. L\u2019eau est trait\u00e9e avant de partir dans les canalisations. Mais leur longueur oblige le syndicat \u00e0 retraiter l&rsquo;eau avec du chlore avant d&rsquo;arriver chez les particuliers. Ce suppl\u00e9ment est inject\u00e9 dans les r\u00e9serves du ch\u00e2teau. Le ravitaillement du ch\u00e2teau se fait apr\u00e8s 22 heures, au moment o\u00f9 l&rsquo;\u00e9lectricit\u00e9 qui fait marcher les pompes est moins ch\u00e8re, mais il arrive, pendant l&rsquo;\u00e9t\u00e9, que le r\u00e9servoir ait besoin d\u2019\u00eatre rempli avant. La consommation en eau est plus importante \u00e0 cette saison-l\u00e0 (piscines, arrosage, &#8230; ).<\/p>\n\n\n\n<div class=\"wp-block-media-text is-stacked-on-mobile\" style=\"grid-template-columns:36% auto\"><figure class=\"wp-block-media-text__media\"><a href=\"https:\/\/orgueil82.jvillain.fr\/wp-content\/uploads\/Orgueil\/Histoire\/chateau-eau\/chateaueau0306e.jpg\"><img width=\"246\" height=\"328\"  alt=\"\" class=\"wp-image-1878 size-full lws-optimize-lazyload\"\/ data-src=\"https:\/\/orgueil82.jvillain.fr\/wp-content\/uploads\/Orgueil\/Histoire\/chateau-eau\/chateaueau0306e.jpg\" srcset=\"https:\/\/orgueil82.jvillain.fr\/wp-content\/uploads\/Orgueil\/Histoire\/chateau-eau\/chateaueau0306e.jpg 246w, https:\/\/orgueil82.jvillain.fr\/wp-content\/uploads\/Orgueil\/Histoire\/chateau-eau\/chateaueau0306e-225x300.jpg 225w\" sizes=\"(max-width: 246px) 100vw, 246px\" \/><\/a><\/figure><div class=\"wp-block-media-text__content\">\n<p>Apr\u00e8s avoir mont\u00e9 les 165 marches, on arrive au c\u0153ur de la cuve. Le b\u00e2timent a \u00e9t\u00e9 en chantier une bonne partie de 2003. L&rsquo;\u00e9tanch\u00e9it\u00e9 de la cuve, les garde-corps et l&rsquo;\u00e9chelle en inox ont \u00e9t\u00e9 refaits, ainsi que les peintures int\u00e9rieures. Les lucarnes r\u00e9ouvertes permettent de ventiler le d\u00f4me du ch\u00e2teau.<\/p>\n<\/div><\/div>\n\n\n\n<p>Depuis cet article bien d&rsquo;autres travaux ont eu lieu sur le ch\u00e2teau d&rsquo;eau : remise en \u00e9tat ext\u00e9rieur, pose d&rsquo;une cl\u00f4ture, r\u00e9fection de la conduite d&rsquo;eau principale, &#8230; et il alimente maintenant beaucoup plus de maisons.<\/p>\n","protected":false},"excerpt":{"rendered":"<p>Cet article sur le ch\u00e2teau d&rsquo;eau est paru dans le bulletin municipal d&rsquo;information du village d&rsquo;Orgueil de l&rsquo;ann\u00e9e 2003. Le titre de l&rsquo;article \u00e9tait \u00ab\u00a0Dans les coulisses de notre Ch\u00e2teau d&rsquo;eau\u00a0\u00bb. Le ch\u00e2teau d&rsquo;eau du village d&rsquo;ORGUEIL Les ch\u00e2teaux d&rsquo;eau font partie de notre paysage depuis une cinquantaine d&rsquo;ann\u00e9es. Gr\u00e2ce \u00e0 ces ouvrages, les ruraux &#8230; <a title=\"Le Ch\u00e2teau d&rsquo;eau\" class=\"read-more\" href=\"https:\/\/orgueil82.jvillain.fr\/?page_id=1879\" aria-label=\"En savoir plus sur Le Ch\u00e2teau d&rsquo;eau\">Lire la suite<\/a><\/p>\n","protected":false},"author":1,"featured_media":0,"parent":707,"menu_order":20,"comment_status":"closed","ping_status":"closed","template":"","meta":{"_eb_attr":"","pgc_sgb_lightbox_settings":"","footnotes":""},"class_list":["post-1879","page","type-page","status-publish"],"yoast_head":"<!-- This site is optimized with the Yoast SEO plugin v27.5 - https:\/\/yoast.com\/product\/yoast-seo-wordpress\/ -->\n<title>Le Ch\u00e2teau d&#039;eau - Histoire et historique du village d&#039;Orgueil<\/title>\n<meta name=\"robots\" content=\"index, follow, max-snippet:-1, max-image-preview:large, max-video-preview:-1\" \/>\n<link rel=\"canonical\" href=\"https:\/\/orgueil82.jvillain.fr\/?page_id=1879\" \/>\n<meta property=\"og:locale\" content=\"fr_FR\" \/>\n<meta property=\"og:type\" content=\"article\" \/>\n<meta property=\"og:title\" content=\"Le Ch\u00e2teau d&#039;eau - Histoire et historique du village d&#039;Orgueil\" \/>\n<meta property=\"og:description\" content=\"Cet article sur le ch\u00e2teau d&rsquo;eau est paru dans le bulletin municipal d&rsquo;information du village d&rsquo;Orgueil de l&rsquo;ann\u00e9e 2003. Le titre de l&rsquo;article \u00e9tait \u00ab\u00a0Dans les coulisses de notre Ch\u00e2teau d&rsquo;eau\u00a0\u00bb. Le ch\u00e2teau d&rsquo;eau du village d&rsquo;ORGUEIL Les ch\u00e2teaux d&rsquo;eau font partie de notre paysage depuis une cinquantaine d&rsquo;ann\u00e9es. Gr\u00e2ce \u00e0 ces ouvrages, les ruraux ... Lire la suite\" \/>\n<meta property=\"og:url\" content=\"https:\/\/orgueil82.jvillain.fr\/?page_id=1879\" \/>\n<meta property=\"og:site_name\" content=\"Histoire et historique du village d&#039;Orgueil\" \/>\n<meta property=\"article:modified_time\" content=\"2025-09-05T22:16:34+00:00\" \/>\n<meta property=\"og:image\" content=\"https:\/\/orgueil82.jvillain.fr\/wp-content\/uploads\/Orgueil\/Histoire\/chateau-eau\/chateaueau0306a.jpg\" \/>\n\t<meta property=\"og:image:width\" content=\"492\" \/>\n\t<meta property=\"og:image:height\" content=\"655\" \/>\n\t<meta property=\"og:image:type\" content=\"image\/jpeg\" \/>\n<meta name=\"twitter:card\" content=\"summary_large_image\" \/>\n<meta name=\"twitter:label1\" content=\"Dur\u00e9e de lecture estim\u00e9e\" \/>\n\t<meta name=\"twitter:data1\" content=\"3 minutes\" \/>\n<script type=\"application\/ld+json\" class=\"yoast-schema-graph\">{\"@context\":\"https:\\\/\\\/schema.org\",\"@graph\":[{\"@type\":\"WebPage\",\"@id\":\"https:\\\/\\\/orgueil82.jvillain.fr\\\/?page_id=1879\",\"url\":\"https:\\\/\\\/orgueil82.jvillain.fr\\\/?page_id=1879\",\"name\":\"Le Ch\u00e2teau d'eau - Histoire et historique du village d&#039;Orgueil\",\"isPartOf\":{\"@id\":\"https:\\\/\\\/orgueil82.jvillain.fr\\\/#website\"},\"primaryImageOfPage\":{\"@id\":\"https:\\\/\\\/orgueil82.jvillain.fr\\\/?page_id=1879#primaryimage\"},\"image\":{\"@id\":\"https:\\\/\\\/orgueil82.jvillain.fr\\\/?page_id=1879#primaryimage\"},\"thumbnailUrl\":\"https:\\\/\\\/orgueil82.jvillain.fr\\\/wp-content\\\/uploads\\\/Orgueil\\\/Histoire\\\/chateau-eau\\\/chateaueau0306a.jpg\",\"datePublished\":\"2025-09-05T20:56:56+00:00\",\"dateModified\":\"2025-09-05T22:16:34+00:00\",\"breadcrumb\":{\"@id\":\"https:\\\/\\\/orgueil82.jvillain.fr\\\/?page_id=1879#breadcrumb\"},\"inLanguage\":\"fr-FR\",\"potentialAction\":[{\"@type\":\"ReadAction\",\"target\":[\"https:\\\/\\\/orgueil82.jvillain.fr\\\/?page_id=1879\"]}]},{\"@type\":\"ImageObject\",\"inLanguage\":\"fr-FR\",\"@id\":\"https:\\\/\\\/orgueil82.jvillain.fr\\\/?page_id=1879#primaryimage\",\"url\":\"https:\\\/\\\/orgueil82.jvillain.fr\\\/wp-content\\\/uploads\\\/Orgueil\\\/Histoire\\\/chateau-eau\\\/chateaueau0306a.jpg\",\"contentUrl\":\"https:\\\/\\\/orgueil82.jvillain.fr\\\/wp-content\\\/uploads\\\/Orgueil\\\/Histoire\\\/chateau-eau\\\/chateaueau0306a.jpg\"},{\"@type\":\"BreadcrumbList\",\"@id\":\"https:\\\/\\\/orgueil82.jvillain.fr\\\/?page_id=1879#breadcrumb\",\"itemListElement\":[{\"@type\":\"ListItem\",\"position\":1,\"name\":\"Home\",\"item\":\"https:\\\/\\\/orgueil82.jvillain.fr\\\/\"},{\"@type\":\"ListItem\",\"position\":2,\"name\":\"Histoire et Historique du village d&rsquo;Orgueil\",\"item\":\"https:\\\/\\\/orgueil82.jvillain.fr\\\/\"},{\"@type\":\"ListItem\",\"position\":3,\"name\":\"Le Ch\u00e2teau d&rsquo;eau\"}]},{\"@type\":\"WebSite\",\"@id\":\"https:\\\/\\\/orgueil82.jvillain.fr\\\/#website\",\"url\":\"https:\\\/\\\/orgueil82.jvillain.fr\\\/\",\"name\":\"Histoire et historique du village d'Orgueil\",\"description\":\"Vivre \u00e0 Orgueil - Tarn-et-Garonne\",\"publisher\":{\"@id\":\"https:\\\/\\\/orgueil82.jvillain.fr\\\/#organization\"},\"potentialAction\":[{\"@type\":\"SearchAction\",\"target\":{\"@type\":\"EntryPoint\",\"urlTemplate\":\"https:\\\/\\\/orgueil82.jvillain.fr\\\/?s={search_term_string}\"},\"query-input\":{\"@type\":\"PropertyValueSpecification\",\"valueRequired\":true,\"valueName\":\"search_term_string\"}}],\"inLanguage\":\"fr-FR\"},{\"@type\":\"Organization\",\"@id\":\"https:\\\/\\\/orgueil82.jvillain.fr\\\/#organization\",\"name\":\"Histoire et historique du village d'Orgueil\",\"url\":\"https:\\\/\\\/orgueil82.jvillain.fr\\\/\",\"logo\":{\"@type\":\"ImageObject\",\"inLanguage\":\"fr-FR\",\"@id\":\"https:\\\/\\\/orgueil82.jvillain.fr\\\/#\\\/schema\\\/logo\\\/image\\\/\",\"url\":\"https:\\\/\\\/orgueil82.jvillain.fr\\\/wp-content\\\/uploads\\\/Orgueil\\\/orgueil3.gif\",\"contentUrl\":\"https:\\\/\\\/orgueil82.jvillain.fr\\\/wp-content\\\/uploads\\\/Orgueil\\\/orgueil3.gif\",\"width\":93,\"height\":62,\"caption\":\"Histoire et historique du village d'Orgueil\"},\"image\":{\"@id\":\"https:\\\/\\\/orgueil82.jvillain.fr\\\/#\\\/schema\\\/logo\\\/image\\\/\"}}]}<\/script>\n<!-- \/ Yoast SEO plugin. -->","yoast_head_json":{"title":"Le Ch\u00e2teau d'eau - Histoire et historique du village d&#039;Orgueil","robots":{"index":"index","follow":"follow","max-snippet":"max-snippet:-1","max-image-preview":"max-image-preview:large","max-video-preview":"max-video-preview:-1"},"canonical":"https:\/\/orgueil82.jvillain.fr\/?page_id=1879","og_locale":"fr_FR","og_type":"article","og_title":"Le Ch\u00e2teau d'eau - Histoire et historique du village d&#039;Orgueil","og_description":"Cet article sur le ch\u00e2teau d&rsquo;eau est paru dans le bulletin municipal d&rsquo;information du village d&rsquo;Orgueil de l&rsquo;ann\u00e9e 2003. Le titre de l&rsquo;article \u00e9tait \u00ab\u00a0Dans les coulisses de notre Ch\u00e2teau d&rsquo;eau\u00a0\u00bb. Le ch\u00e2teau d&rsquo;eau du village d&rsquo;ORGUEIL Les ch\u00e2teaux d&rsquo;eau font partie de notre paysage depuis une cinquantaine d&rsquo;ann\u00e9es. Gr\u00e2ce \u00e0 ces ouvrages, les ruraux ... Lire la suite","og_url":"https:\/\/orgueil82.jvillain.fr\/?page_id=1879","og_site_name":"Histoire et historique du village d&#039;Orgueil","article_modified_time":"2025-09-05T22:16:34+00:00","og_image":[{"width":492,"height":655,"url":"https:\/\/orgueil82.jvillain.fr\/wp-content\/uploads\/Orgueil\/Histoire\/chateau-eau\/chateaueau0306a.jpg","type":"image\/jpeg"}],"twitter_card":"summary_large_image","twitter_misc":{"Dur\u00e9e de lecture estim\u00e9e":"3 minutes"},"schema":{"@context":"https:\/\/schema.org","@graph":[{"@type":"WebPage","@id":"https:\/\/orgueil82.jvillain.fr\/?page_id=1879","url":"https:\/\/orgueil82.jvillain.fr\/?page_id=1879","name":"Le Ch\u00e2teau d'eau - Histoire et historique du village d&#039;Orgueil","isPartOf":{"@id":"https:\/\/orgueil82.jvillain.fr\/#website"},"primaryImageOfPage":{"@id":"https:\/\/orgueil82.jvillain.fr\/?page_id=1879#primaryimage"},"image":{"@id":"https:\/\/orgueil82.jvillain.fr\/?page_id=1879#primaryimage"},"thumbnailUrl":"https:\/\/orgueil82.jvillain.fr\/wp-content\/uploads\/Orgueil\/Histoire\/chateau-eau\/chateaueau0306a.jpg","datePublished":"2025-09-05T20:56:56+00:00","dateModified":"2025-09-05T22:16:34+00:00","breadcrumb":{"@id":"https:\/\/orgueil82.jvillain.fr\/?page_id=1879#breadcrumb"},"inLanguage":"fr-FR","potentialAction":[{"@type":"ReadAction","target":["https:\/\/orgueil82.jvillain.fr\/?page_id=1879"]}]},{"@type":"ImageObject","inLanguage":"fr-FR","@id":"https:\/\/orgueil82.jvillain.fr\/?page_id=1879#primaryimage","url":"https:\/\/orgueil82.jvillain.fr\/wp-content\/uploads\/Orgueil\/Histoire\/chateau-eau\/chateaueau0306a.jpg","contentUrl":"https:\/\/orgueil82.jvillain.fr\/wp-content\/uploads\/Orgueil\/Histoire\/chateau-eau\/chateaueau0306a.jpg"},{"@type":"BreadcrumbList","@id":"https:\/\/orgueil82.jvillain.fr\/?page_id=1879#breadcrumb","itemListElement":[{"@type":"ListItem","position":1,"name":"Home","item":"https:\/\/orgueil82.jvillain.fr\/"},{"@type":"ListItem","position":2,"name":"Histoire et Historique du village d&rsquo;Orgueil","item":"https:\/\/orgueil82.jvillain.fr\/"},{"@type":"ListItem","position":3,"name":"Le Ch\u00e2teau d&rsquo;eau"}]},{"@type":"WebSite","@id":"https:\/\/orgueil82.jvillain.fr\/#website","url":"https:\/\/orgueil82.jvillain.fr\/","name":"Histoire et historique du village d'Orgueil","description":"Vivre \u00e0 Orgueil - Tarn-et-Garonne","publisher":{"@id":"https:\/\/orgueil82.jvillain.fr\/#organization"},"potentialAction":[{"@type":"SearchAction","target":{"@type":"EntryPoint","urlTemplate":"https:\/\/orgueil82.jvillain.fr\/?s={search_term_string}"},"query-input":{"@type":"PropertyValueSpecification","valueRequired":true,"valueName":"search_term_string"}}],"inLanguage":"fr-FR"},{"@type":"Organization","@id":"https:\/\/orgueil82.jvillain.fr\/#organization","name":"Histoire et historique du village d'Orgueil","url":"https:\/\/orgueil82.jvillain.fr\/","logo":{"@type":"ImageObject","inLanguage":"fr-FR","@id":"https:\/\/orgueil82.jvillain.fr\/#\/schema\/logo\/image\/","url":"https:\/\/orgueil82.jvillain.fr\/wp-content\/uploads\/Orgueil\/orgueil3.gif","contentUrl":"https:\/\/orgueil82.jvillain.fr\/wp-content\/uploads\/Orgueil\/orgueil3.gif","width":93,"height":62,"caption":"Histoire et historique du village d'Orgueil"},"image":{"@id":"https:\/\/orgueil82.jvillain.fr\/#\/schema\/logo\/image\/"}}]}},"featured_image_src":null,"featured_image_src_square":null,"_links":{"self":[{"href":"https:\/\/orgueil82.jvillain.fr\/index.php?rest_route=\/wp\/v2\/pages\/1879","targetHints":{"allow":["GET"]}}],"collection":[{"href":"https:\/\/orgueil82.jvillain.fr\/index.php?rest_route=\/wp\/v2\/pages"}],"about":[{"href":"https:\/\/orgueil82.jvillain.fr\/index.php?rest_route=\/wp\/v2\/types\/page"}],"author":[{"embeddable":true,"href":"https:\/\/orgueil82.jvillain.fr\/index.php?rest_route=\/wp\/v2\/users\/1"}],"replies":[{"embeddable":true,"href":"https:\/\/orgueil82.jvillain.fr\/index.php?rest_route=%2Fwp%2Fv2%2Fcomments&post=1879"}],"version-history":[{"count":0,"href":"https:\/\/orgueil82.jvillain.fr\/index.php?rest_route=\/wp\/v2\/pages\/1879\/revisions"}],"up":[{"embeddable":true,"href":"https:\/\/orgueil82.jvillain.fr\/index.php?rest_route=\/wp\/v2\/pages\/707"}],"wp:attachment":[{"href":"https:\/\/orgueil82.jvillain.fr\/index.php?rest_route=%2Fwp%2Fv2%2Fmedia&parent=1879"}],"curies":[{"name":"wp","href":"https:\/\/api.w.org\/{rel}","templated":true}]}}