{"id":2045,"date":"2025-09-08T18:28:24","date_gmt":"2025-09-08T16:28:24","guid":{"rendered":"https:\/\/orgueil82.jvillain.fr\/?page_id=2045"},"modified":"2025-09-08T18:29:02","modified_gmt":"2025-09-08T16:29:02","slug":"elections-municipales","status":"publish","type":"page","link":"https:\/\/orgueil82.jvillain.fr\/?page_id=2045","title":{"rendered":"\u00c9lections municipales"},"content":{"rendered":"<h2 class=\"wp-block-heading has-global-color-14-color has-text-color has-link-color wp-elements-a968af2e7448c647af415b70af0eb81b\" id=\"les-elections-municipales-de-1935-a-nos-jours-orgueil-82\">Les \u00e9lections municipales de 1935 \u00e0 nos jours &#8211; Orgueil (82)<\/h2>\n\n\n<p>Les \u00e9lections municipales telles que nous les connaissons existent depuis 1884. D&rsquo;abord de 4 ans, le mandat des \u00e9lus a \u00e9t\u00e9 port\u00e9 \u00e0 6 ans en 1929.<br>Jusqu&rsquo;aux \u00e9lections de 2014, pour un village de notre taille, l&rsquo;\u00e9lection se faisait au scrutin majoritaire plurinominal \u00e0 deux tours avec panachage, c&rsquo;est \u00e0 dire qu&rsquo;il pouvait y avoir plusieurs listes mais que l&rsquo;\u00e9lecteur pouvait rayer des noms et m\u00eame ajouter des noms pour voter pour des personnes non candidates.<br>Pour les \u00e9lections de 2014 nous sommes pass\u00e9s au scrutin proportionnel de liste avec une prime majoritaire correspondant \u00e0 la moiti\u00e9 des si\u00e8ges \u00e0 pourvoir pour la liste gagnante, plus question de rayer des noms ou d&rsquo;en ajouter, le vote et surtout le d\u00e9pouillement a perdu de son charme.<\/p>\n\n\n\n<p>En 2016 a eu lieu une \u00e9lection municipale partielle, le conseil municipal ayant perdu 2\/3 de ses membres suites \u00e0 des d\u00e9missions. \u00c9lection partielle car suite au scrutin les nouveaux \u00e9lus effectueront un mandat tronqu\u00e9, en effet les nouveaux \u00e9lus sont \u00e9lus pour le restant du mandat \u00e0 effectuer des \u00e9lections de 2014. Mais on a bien r\u00e9\u00e9lu l&rsquo;ensemble des conseillers qui, a leur tour, ont \u00e9lu un nouveau maire pour la commune.<\/p>\n\n\n\n<p><strong>Mais qui ont \u00e9t\u00e9 les candidats \u00e0 Orgueil dans les \u00e9lections pass\u00e9es ?<\/strong> On trouve depuis longtemps sur <a href=\"https:\/\/fr.wikipedia.org\/wiki\/Orgueil_(Tarn-et-Garonne)\" target=\"_blank\" rel=\"noreferrer noopener\">Wikipedia<\/a> la liste des premiers magistrats de la commune <strong>mais qui \u00e9taient les candidats \u00e0 l&rsquo;\u00e9lection municipale et pour qui les \u00e9lecteurs ont vot\u00e9 ?<\/strong><br>Pour le savoir pourquoi ne pas regarder <strong>une copie des bulletins de vote ?<\/strong><br>Nous avons pu retrouver des bulletins de vote, la plupart annot\u00e9s avec le nombre de suffrages obtenus par chaque candidat, pour remonter dans le temps.<\/p>\n\n\n\n<p><em>Pour voir le bulletin de vote cliquez sur la date de l&rsquo;\u00e9lection ou sur le nom de la liste<\/em><\/p>\n\n\n\n<p><a href=\"https:\/\/orgueil82.jvillain.fr\/wp-content\/uploads\/Orgueil\/Histoire\/bullmuni\/bull_elect_municipale_5mai1935.jpg\">5 mai 1935<\/a> : vous reconnaitrez tr\u00e8s certainement des noms de famille que vous connaissez. A l&rsquo;\u00e9poque seuls les hommes votaient et les candidats \u00e9taient tous des hommes.<\/p>\n\n\n\n<p><a href=\"https:\/\/orgueil82.jvillain.fr\/wp-content\/uploads\/Orgueil\/Histoire\/bullmuni\/bull_elect_muncipale_29avril1945.jpg\">29 avril 1945<\/a> : la seconde guerre mondiale est pass\u00e9e mais a laiss\u00e9 des traces, on voit que dans les candidats certains ont \u00e9t\u00e9 prisonniers de guerre.<\/p>\n\n\n\n<p><a href=\"https:\/\/orgueil82.jvillain.fr\/wp-content\/uploads\/Orgueil\/Histoire\/bullmuni\/bull_elect_municipale_19oct1947-scaled.jpg\">19 octobre 1947<\/a> : 275 inscrits sur les listes \u00e9lectorales, 218 votants, 3 nuls. Un beau pourcentage de votants. Sur les 11 candidats 7 sont des anciens \u00e9lus.<\/p>\n\n\n\n<p><a href=\"https:\/\/orgueil82.jvillain.fr\/wp-content\/uploads\/Orgueil\/Histoire\/bullmuni\/bull_elect_municipale_26avril1953.jpg\">26 avril 1953<\/a> : 273 inscrits sur les listes \u00e9lectorales, 239 votants, 16 bulletins nuls\/blancs. Sur les 11 candidats de la liste 10 sont \u00e9lus au premier tour, au deuxi\u00e8me tour le candidat malchanceux est oppos\u00e9 \u00e0 un candidat ajout\u00e9 qui a obtenu 60 votes au premier tour (il y a eu 5 candidats ajout\u00e9s par les \u00e9lecteurs) et au second tour ce candidat ajout\u00e9 a \u00e9t\u00e9 \u00e9lu avec 131 suffrages.<\/p>\n\n\n\n<p><a href=\"https:\/\/orgueil82.jvillain.fr\/wp-content\/uploads\/Orgueil\/Histoire\/bullmuni\/bull_elect_municipale_14mars1965.jpg\">14 mars 1965<\/a> : 251 \u00e9lecteurs sont venus voter, il y a eu 19 bulletins nuls.<\/p>\n\n\n\n<p>14 mars 1971 : deux listes s&rsquo;opposent : une liste compl\u00e8te (<a href=\"https:\/\/orgueil82.jvillain.fr\/wp-content\/uploads\/Orgueil\/Histoire\/bullmuni\/bull_elect_municipale_14mars1971r.jpg\">Liste d&rsquo;Union R\u00e9publicaine<\/a>) et une liste avec 4 noms (<a href=\"https:\/\/orgueil82.jvillain.fr\/wp-content\/uploads\/Orgueil\/Histoire\/bullmuni\/bull_elect_municipale_14mars1971_listecand_libres.jpg\">Candidats libres pour la survie de notre village<\/a>). Il y a 324 inscrits sur les listes \u00e9lectorales, 287 votants et 8 bulletins nuls, il faut \u00e9lire 11 conseillers. Outre les votes pour les 15 candidats des deux listes il y aura 38 autres personnes qui auront au moins une voix (cliquer <a href=\"https:\/\/orgueil82.jvillain.fr\/wp-content\/uploads\/Orgueil\/Histoire\/bullmuni\/bull_elect_municipale_14mars1971v.jpg\">ICI<\/a> pour voir la liste des personnes qui ont re\u00e7u des voix).<\/p>\n\n\n\n<p><a href=\"https:\/\/orgueil82.jvillain.fr\/wp-content\/uploads\/Orgueil\/Histoire\/bullmuni\/bull_elect_municipale_13mars1977r.jpg\">13 mars 1977<\/a> : 317 votants et 11 bulletins nuls, il faut \u00e9lire 13 conseillers. Les candidats de la Liste d&rsquo;Union R\u00e9publicaine sont \u00e9lus au premier tour, les votants rayeront des noms et voterons pour 60 autres personnes (cliquer <a href=\"https:\/\/orgueil82.jvillain.fr\/wp-content\/uploads\/Orgueil\/Histoire\/bullmuni\/bull_elect_municipale_13mars1977v.jpg\">ICI <\/a>pour voir une partie des noms de ceux qui ont eux des voix)<\/p>\n\n\n\n<p><a href=\"https:\/\/orgueil82.jvillain.fr\/wp-content\/uploads\/Orgueil\/Histoire\/bullmuni\/bull_elect_municipale_6mars1983r.jpg\">06 mars 1983<\/a> : 397 votants, 16 bulletins nuls. La liste de Mr Michel Meesseman comporte 15 noms, et oui ! on \u00e9lit maintenant 15 conseillers ! 12 personnes non pr\u00e9sentes sur la liste obtiendrons des voix. Cette ann\u00e9e l\u00e0, <strong>Mme Jacqueline PETIT est la premi\u00e8re femme a entrer dans le conseil municipal d&rsquo;Orguei<\/strong>l, la f\u00e9minisation est en marche, \u00e0 petits pas.<\/p>\n\n\n\n<p><a href=\"https:\/\/orgueil82.jvillain.fr\/wp-content\/uploads\/Orgueil\/Histoire\/bullmuni\/bull_elect_municipale_12mars1989.jpg\">12 mars 1989<\/a> : 558 \u00e9lecteurs sur la liste \u00e9lectorale, 459 votants, 14 bulletins nuls. <strong>Madame PETIT n&rsquo;est plus seule, Mme Christine AGUILAR a \u00e9t\u00e9 \u00e9lue<\/strong>. Mr Jean Pierre BARRES est \u00e9lu pour la premi\u00e8re fois conseiller municipal, il ne s&rsquo;est pas repr\u00e9sent\u00e9 en 2014.<\/p>\n\n\n\n<p><a href=\"https:\/\/orgueil82.jvillain.fr\/wp-content\/uploads\/Orgueil\/Histoire\/bullmuni\/bull_elect_municipale_11juin1995.jpg\">11 juin 1995<\/a> : 624 inscrits, 507 votants, 28 bulletins nuls. On note sur cette liste le nom de Mme Catherine VILLAIN, qui au mandat suivant sera 1re adjointe au maire avant de d\u00e9missionner en cours de mandat. Mme VILLAIN a \u00e9t\u00e9 r\u00e9\u00e9lue aux \u00e9lections de 2014 et de 2016 ann\u00e9e o\u00f9 elle a \u00e9t\u00e9 \u00e9lue Maire de la commune. Elle est la seule \u00e9lue de 1995 \u00e0 faire partie du conseil municipal \u00e9lu en 2020.<\/p>\n\n\n\n<p><a href=\"https:\/\/orgueil82.jvillain.fr\/wp-content\/uploads\/Orgueil\/Histoire\/bullmuni\/bull_elect_municipale_11mars2001.jpg\">11 mars 2001<\/a> : 670 inscrits, 519 votants, 29 bulletins nuls. Sur cette liste on trouve 4 personnes qui font partie du conseil municipal \u00e9lu en 2016 : Mme Catherine VILLAIN, Mme Marie-\u00c9lisabeth GUY, Mr Jean Jacques LLORENS, Mr Marc PUJOL.<\/p>\n\n\n\n<p><a href=\"https:\/\/orgueil82.jvillain.fr\/wp-content\/uploads\/Orgueil\/Histoire\/bullmuni\/elections9mars2008.jpg\">9 mars 2008<\/a> : 869 inscrits, 727 votants, 19 bulletins blancs\/nuls. Deux listes se pr\u00e9sentent devant les \u00e9lecteurs, la liste de Mr Michel MEESSEMAN sera \u00e9lue dans sa totalit\u00e9, 34 personnes non inscrites sur une liste ont obtenu des voix.<\/p>\n\n\n\n<p><a href=\"https:\/\/orgueil82.jvillain.fr\/wp-content\/uploads\/Orgueil\/Histoire\/bullmuni\/elections23mars2014.jpg\">23 mars 2014<\/a> : 1060 inscrits, 847 votants, 29 bulletins blancs ou nuls. La commune a d\u00e9pass\u00e9 1500 habitants, 19 conseillers doivent \u00eatre \u00e9lus et la parit\u00e9 homme\/femme est obligatoire pour la premi\u00e8re fois. Deux listes se sont pr\u00e9sent\u00e9es devant les \u00e9lecteurs. La liste de Mr Michel MEESSEMAN, maire sortant, a obtenu la majorit\u00e9 des si\u00e8ges, la liste de Mme Anne-Marie POTIER obtient 4 si\u00e8ges. Mr MEESSEMAN a \u00e9t\u00e9 \u00e9lu maire lors du premier conseil municipal. Parmi les \u00e9lus de 2014 on trouve 6 personnes qui font partie du conseil municipal \u00e9lu en 2016 : Mme Catherine VILLAIN, Mme Isabelle AGUILAR, Mme Marie-\u00c9lisabeth GUY, Mr Jean Jacques LLORENS, Mr Manuel MARCOUX, Mr Marc PUJOL<\/p>\n\n\n\n<p><a href=\"https:\/\/orgueil82.jvillain.fr\/wp-content\/uploads\/Orgueil\/Histoire\/bullmuni\/elections31janv2016.jpg\">31 janvier 2016<\/a> : 1084 inscrits, 717 votants, 27 bulletins blancs ou nuls. Deux listes se sont pr\u00e9sent\u00e9es devant les \u00e9lecteurs. La liste de Madame Catherine VILLAIN ancienne conseill\u00e8re municipale et ancienne 1re adjointe a obtenu la majorit\u00e9 des si\u00e8ges. <strong>Madame Catherine VILLAIN<\/strong> a \u00e9t\u00e9 \u00e9lue <strong>Maire de la commune<\/strong> lors du premier conseil municipal et devient ainsi le <strong>27e maire depuis 1792 et la premi\u00e8re femme \u00e0 ce post<\/strong>e . La liste de Mr Jean-Jacques LLORENS obtient 4 si\u00e8ges. Composition du conseil : cliquez <a href=\"https:\/\/orgueil82.jvillain.fr\/wp-content\/uploads\/Orgueil\/Histoire\/bullmuni\/consielmuncipal2016.jpg\">ICI<\/a><\/p>\n","protected":false},"excerpt":{"rendered":"<p>Les \u00e9lections municipales de 1935 \u00e0 nos jours &#8211; Orgueil (82) Les \u00e9lections municipales telles que nous les connaissons existent depuis 1884. D&rsquo;abord de 4 ans, le mandat des \u00e9lus a \u00e9t\u00e9 port\u00e9 \u00e0 6 ans en 1929.Jusqu&rsquo;aux \u00e9lections de 2014, pour un village de notre taille, l&rsquo;\u00e9lection se faisait au scrutin majoritaire plurinominal \u00e0 &#8230; <a title=\"\u00c9lections municipales\" class=\"read-more\" href=\"https:\/\/orgueil82.jvillain.fr\/?page_id=2045\" aria-label=\"En savoir plus sur \u00c9lections municipales\">Lire la suite<\/a><\/p>\n","protected":false},"author":1,"featured_media":0,"parent":707,"menu_order":2,"comment_status":"closed","ping_status":"closed","template":"","meta":{"_eb_attr":"","pgc_sgb_lightbox_settings":"","footnotes":""},"class_list":["post-2045","page","type-page","status-publish"],"yoast_head":"<!-- This site is optimized with the Yoast SEO plugin v27.4 - https:\/\/yoast.com\/product\/yoast-seo-wordpress\/ -->\n<title>\u00c9lections municipales - Histoire et historique du village d&#039;Orgueil<\/title>\n<meta name=\"robots\" content=\"index, follow, max-snippet:-1, max-image-preview:large, max-video-preview:-1\" \/>\n<link rel=\"canonical\" href=\"https:\/\/orgueil82.jvillain.fr\/?page_id=2045\" \/>\n<meta property=\"og:locale\" content=\"fr_FR\" \/>\n<meta property=\"og:type\" content=\"article\" \/>\n<meta property=\"og:title\" content=\"\u00c9lections municipales - Histoire et historique du village d&#039;Orgueil\" \/>\n<meta property=\"og:description\" content=\"Les \u00e9lections municipales de 1935 \u00e0 nos jours &#8211; Orgueil (82) Les \u00e9lections municipales telles que nous les connaissons existent depuis 1884. D&rsquo;abord de 4 ans, le mandat des \u00e9lus a \u00e9t\u00e9 port\u00e9 \u00e0 6 ans en 1929.Jusqu&rsquo;aux \u00e9lections de 2014, pour un village de notre taille, l&rsquo;\u00e9lection se faisait au scrutin majoritaire plurinominal \u00e0 ... Lire la suite\" \/>\n<meta property=\"og:url\" content=\"https:\/\/orgueil82.jvillain.fr\/?page_id=2045\" \/>\n<meta property=\"og:site_name\" content=\"Histoire et historique du village d&#039;Orgueil\" \/>\n<meta property=\"article:modified_time\" content=\"2025-09-08T16:29:02+00:00\" \/>\n<meta name=\"twitter:card\" content=\"summary_large_image\" \/>\n<meta name=\"twitter:label1\" content=\"Dur\u00e9e de lecture estim\u00e9e\" \/>\n\t<meta name=\"twitter:data1\" content=\"6 minutes\" \/>\n<script type=\"application\/ld+json\" class=\"yoast-schema-graph\">{\"@context\":\"https:\\\/\\\/schema.org\",\"@graph\":[{\"@type\":\"WebPage\",\"@id\":\"https:\\\/\\\/orgueil82.jvillain.fr\\\/?page_id=2045\",\"url\":\"https:\\\/\\\/orgueil82.jvillain.fr\\\/?page_id=2045\",\"name\":\"\u00c9lections municipales - Histoire et historique du village d&#039;Orgueil\",\"isPartOf\":{\"@id\":\"https:\\\/\\\/orgueil82.jvillain.fr\\\/#website\"},\"datePublished\":\"2025-09-08T16:28:24+00:00\",\"dateModified\":\"2025-09-08T16:29:02+00:00\",\"breadcrumb\":{\"@id\":\"https:\\\/\\\/orgueil82.jvillain.fr\\\/?page_id=2045#breadcrumb\"},\"inLanguage\":\"fr-FR\",\"potentialAction\":[{\"@type\":\"ReadAction\",\"target\":[\"https:\\\/\\\/orgueil82.jvillain.fr\\\/?page_id=2045\"]}]},{\"@type\":\"BreadcrumbList\",\"@id\":\"https:\\\/\\\/orgueil82.jvillain.fr\\\/?page_id=2045#breadcrumb\",\"itemListElement\":[{\"@type\":\"ListItem\",\"position\":1,\"name\":\"Home\",\"item\":\"https:\\\/\\\/orgueil82.jvillain.fr\\\/\"},{\"@type\":\"ListItem\",\"position\":2,\"name\":\"Histoire et Historique du village d&rsquo;Orgueil\",\"item\":\"https:\\\/\\\/orgueil82.jvillain.fr\\\/\"},{\"@type\":\"ListItem\",\"position\":3,\"name\":\"\u00c9lections municipales\"}]},{\"@type\":\"WebSite\",\"@id\":\"https:\\\/\\\/orgueil82.jvillain.fr\\\/#website\",\"url\":\"https:\\\/\\\/orgueil82.jvillain.fr\\\/\",\"name\":\"Histoire et historique du village d'Orgueil\",\"description\":\"Vivre \u00e0 Orgueil - Tarn-et-Garonne\",\"publisher\":{\"@id\":\"https:\\\/\\\/orgueil82.jvillain.fr\\\/#organization\"},\"potentialAction\":[{\"@type\":\"SearchAction\",\"target\":{\"@type\":\"EntryPoint\",\"urlTemplate\":\"https:\\\/\\\/orgueil82.jvillain.fr\\\/?s={search_term_string}\"},\"query-input\":{\"@type\":\"PropertyValueSpecification\",\"valueRequired\":true,\"valueName\":\"search_term_string\"}}],\"inLanguage\":\"fr-FR\"},{\"@type\":\"Organization\",\"@id\":\"https:\\\/\\\/orgueil82.jvillain.fr\\\/#organization\",\"name\":\"Histoire et historique du village d'Orgueil\",\"url\":\"https:\\\/\\\/orgueil82.jvillain.fr\\\/\",\"logo\":{\"@type\":\"ImageObject\",\"inLanguage\":\"fr-FR\",\"@id\":\"https:\\\/\\\/orgueil82.jvillain.fr\\\/#\\\/schema\\\/logo\\\/image\\\/\",\"url\":\"https:\\\/\\\/orgueil82.jvillain.fr\\\/wp-content\\\/uploads\\\/Orgueil\\\/orgueil3.gif\",\"contentUrl\":\"https:\\\/\\\/orgueil82.jvillain.fr\\\/wp-content\\\/uploads\\\/Orgueil\\\/orgueil3.gif\",\"width\":93,\"height\":62,\"caption\":\"Histoire et historique du village d'Orgueil\"},\"image\":{\"@id\":\"https:\\\/\\\/orgueil82.jvillain.fr\\\/#\\\/schema\\\/logo\\\/image\\\/\"}}]}<\/script>\n<!-- \/ Yoast SEO plugin. -->","yoast_head_json":{"title":"\u00c9lections municipales - Histoire et historique du village d&#039;Orgueil","robots":{"index":"index","follow":"follow","max-snippet":"max-snippet:-1","max-image-preview":"max-image-preview:large","max-video-preview":"max-video-preview:-1"},"canonical":"https:\/\/orgueil82.jvillain.fr\/?page_id=2045","og_locale":"fr_FR","og_type":"article","og_title":"\u00c9lections municipales - Histoire et historique du village d&#039;Orgueil","og_description":"Les \u00e9lections municipales de 1935 \u00e0 nos jours &#8211; Orgueil (82) Les \u00e9lections municipales telles que nous les connaissons existent depuis 1884. D&rsquo;abord de 4 ans, le mandat des \u00e9lus a \u00e9t\u00e9 port\u00e9 \u00e0 6 ans en 1929.Jusqu&rsquo;aux \u00e9lections de 2014, pour un village de notre taille, l&rsquo;\u00e9lection se faisait au scrutin majoritaire plurinominal \u00e0 ... Lire la suite","og_url":"https:\/\/orgueil82.jvillain.fr\/?page_id=2045","og_site_name":"Histoire et historique du village d&#039;Orgueil","article_modified_time":"2025-09-08T16:29:02+00:00","twitter_card":"summary_large_image","twitter_misc":{"Dur\u00e9e de lecture estim\u00e9e":"6 minutes"},"schema":{"@context":"https:\/\/schema.org","@graph":[{"@type":"WebPage","@id":"https:\/\/orgueil82.jvillain.fr\/?page_id=2045","url":"https:\/\/orgueil82.jvillain.fr\/?page_id=2045","name":"\u00c9lections municipales - Histoire et historique du village d&#039;Orgueil","isPartOf":{"@id":"https:\/\/orgueil82.jvillain.fr\/#website"},"datePublished":"2025-09-08T16:28:24+00:00","dateModified":"2025-09-08T16:29:02+00:00","breadcrumb":{"@id":"https:\/\/orgueil82.jvillain.fr\/?page_id=2045#breadcrumb"},"inLanguage":"fr-FR","potentialAction":[{"@type":"ReadAction","target":["https:\/\/orgueil82.jvillain.fr\/?page_id=2045"]}]},{"@type":"BreadcrumbList","@id":"https:\/\/orgueil82.jvillain.fr\/?page_id=2045#breadcrumb","itemListElement":[{"@type":"ListItem","position":1,"name":"Home","item":"https:\/\/orgueil82.jvillain.fr\/"},{"@type":"ListItem","position":2,"name":"Histoire et Historique du village d&rsquo;Orgueil","item":"https:\/\/orgueil82.jvillain.fr\/"},{"@type":"ListItem","position":3,"name":"\u00c9lections municipales"}]},{"@type":"WebSite","@id":"https:\/\/orgueil82.jvillain.fr\/#website","url":"https:\/\/orgueil82.jvillain.fr\/","name":"Histoire et historique du village d'Orgueil","description":"Vivre \u00e0 Orgueil - Tarn-et-Garonne","publisher":{"@id":"https:\/\/orgueil82.jvillain.fr\/#organization"},"potentialAction":[{"@type":"SearchAction","target":{"@type":"EntryPoint","urlTemplate":"https:\/\/orgueil82.jvillain.fr\/?s={search_term_string}"},"query-input":{"@type":"PropertyValueSpecification","valueRequired":true,"valueName":"search_term_string"}}],"inLanguage":"fr-FR"},{"@type":"Organization","@id":"https:\/\/orgueil82.jvillain.fr\/#organization","name":"Histoire et historique du village d'Orgueil","url":"https:\/\/orgueil82.jvillain.fr\/","logo":{"@type":"ImageObject","inLanguage":"fr-FR","@id":"https:\/\/orgueil82.jvillain.fr\/#\/schema\/logo\/image\/","url":"https:\/\/orgueil82.jvillain.fr\/wp-content\/uploads\/Orgueil\/orgueil3.gif","contentUrl":"https:\/\/orgueil82.jvillain.fr\/wp-content\/uploads\/Orgueil\/orgueil3.gif","width":93,"height":62,"caption":"Histoire et historique du village d'Orgueil"},"image":{"@id":"https:\/\/orgueil82.jvillain.fr\/#\/schema\/logo\/image\/"}}]}},"featured_image_src":null,"featured_image_src_square":null,"_links":{"self":[{"href":"https:\/\/orgueil82.jvillain.fr\/index.php?rest_route=\/wp\/v2\/pages\/2045","targetHints":{"allow":["GET"]}}],"collection":[{"href":"https:\/\/orgueil82.jvillain.fr\/index.php?rest_route=\/wp\/v2\/pages"}],"about":[{"href":"https:\/\/orgueil82.jvillain.fr\/index.php?rest_route=\/wp\/v2\/types\/page"}],"author":[{"embeddable":true,"href":"https:\/\/orgueil82.jvillain.fr\/index.php?rest_route=\/wp\/v2\/users\/1"}],"replies":[{"embeddable":true,"href":"https:\/\/orgueil82.jvillain.fr\/index.php?rest_route=%2Fwp%2Fv2%2Fcomments&post=2045"}],"version-history":[{"count":0,"href":"https:\/\/orgueil82.jvillain.fr\/index.php?rest_route=\/wp\/v2\/pages\/2045\/revisions"}],"up":[{"embeddable":true,"href":"https:\/\/orgueil82.jvillain.fr\/index.php?rest_route=\/wp\/v2\/pages\/707"}],"wp:attachment":[{"href":"https:\/\/orgueil82.jvillain.fr\/index.php?rest_route=%2Fwp%2Fv2%2Fmedia&parent=2045"}],"curies":[{"name":"wp","href":"https:\/\/api.w.org\/{rel}","templated":true}]}}